{"id":5884,"date":"2019-03-13T15:27:38","date_gmt":"2019-03-13T14:27:38","guid":{"rendered":"https:\/\/lodg-ing.com\/rechtliche-hinweise\/"},"modified":"2025-02-04T12:24:50","modified_gmt":"2025-02-04T11:24:50","slug":"rechtliche-hinweise","status":"publish","type":"page","link":"https:\/\/lodg-ing.com\/de\/rechtliche-hinweise\/","title":{"rendered":"Rechtliche Hinweise"},"content":{"rendered":"\t\t<div data-elementor-type=\"wp-post\" data-elementor-id=\"5884\" class=\"elementor elementor-5884 elementor-38\" data-elementor-post-type=\"page\">\n\t\t\t\t\t\t<section class=\"elementor-section elementor-top-section elementor-element elementor-element-6d8ee49 elementor-section-boxed elementor-section-height-default elementor-section-height-default\" data-id=\"6d8ee49\" data-element_type=\"section\" data-e-type=\"section\">\n\t\t\t\t\t\t<div class=\"elementor-container elementor-column-gap-default\">\n\t\t\t\t\t<div class=\"elementor-column elementor-col-100 elementor-top-column elementor-element elementor-element-743352c\" data-id=\"743352c\" data-element_type=\"column\" data-e-type=\"column\">\n\t\t\t<div class=\"elementor-widget-wrap elementor-element-populated\">\n\t\t\t\t\t\t<div class=\"elementor-element elementor-element-b2454ae elementor-widget elementor-widget-text-editor\" data-id=\"b2454ae\" data-element_type=\"widget\" data-e-type=\"widget\" data-widget_type=\"text-editor.default\">\n\t\t\t\t\t\t\t\t\t<h2>Editeur<\/h2>\n<p><strong>SAS <\/strong>LODG\u2019ING, mit einem Aktienkapital von 5.000 Euro, mit Sitz in Conlie (72240), ZA de la 4C und eingetragen im Handels- und Gesellschaftsregister von Le Mans unter der Nummer 838 203 560.<br><a title=\"Contact\" href=\"https:\/\/lodg-ing.com\/contact\/\">Kontaktieren Sie uns<\/a><\/p>\n<h2>Unterkunft<\/h2>\n<p>Die Site wird von O2 SWITCH gehostet.<br>Frankreich<\/p>\n<h2>Design und Entwicklung<\/h2>\n<p><strong>Website erstellt von MIMOSA<\/strong><br>www.mimosacom.com<br>14 rue Savary, 49100 ANGERS<\/p>\n<h2>Zugangs- und Nutzungsbedingungen<\/h2>\n<p>Jede Konsultation und Nutzung der Website <a href=\"https:\/\/lodg-ing.com\/de\/\">https:\/\/lodg-ing.com<\/a> setzt die uneingeschr\u00e4nkte Annahme der in den nachstehenden rechtlichen Hinweisen enthaltenen Bestimmungen voraus. Folglich unterliegt jeder Zugriff auf die Website <a href=\"https:\/\/lodg-ing.com\/de\/\">https:\/\/lodg-ing.com<\/a> diesen Bestimmungen sowie den geltenden Gesetzen. <\/p>\n<h2>Contenu<\/h2>\n<p>Auf der Seite <a href=\"https:\/\/lodg-ing.com\/de\/\">https:\/\/lodg-ing.com<\/a> sind Informationen zum Herausgeber zu finden.<br>Alle auf dieser Site bereitgestellten Informationen dienen nur zu Informationszwecken. Die auf dieser Site enthaltenen Informationen sollen so umfassend wie m\u00f6glich sein.<br>Der Herausgeber beh\u00e4lt sich das Recht vor, jederzeit und ohne Vorank\u00fcndigung \u00c4nderungen am Programm vorzunehmen. <\/p>\n<h2>Hinweise zu Urheberrechten, geistigem und gewerblichem Eigentum<\/h2>\n<p>Die Pr\u00e4sentation und der Inhalt dieser Site unterliegen in vollem Umfang den Vorschriften zum Schutz geistiger und gewerblicher Eigentumsrechte. Die Informationen, Texte, Bilder oder Grafiken d\u00fcrfen nur f\u00fcr den pers\u00f6nlichen und nicht kommerziellen Gebrauch verwendet werden. Ohne vorherige schriftliche Zustimmung des Herausgebers ist jede Form der Vervielf\u00e4ltigung, \u00c4nderung, \u00dcbermittlung, Lizenzierung oder Ver\u00f6ffentlichung des gesamten oder eines Teils dieses Materials zu irgendeinem Zweck untersagt, au\u00dfer zur Ansicht.  <\/p>\n<h2>Hyperliens<\/h2>\n<p>Die Site <a href=\"https:\/\/lodg-ing.com\/de\/\">https:\/\/lodg-ing.com<\/a> kann Hypertext-Links zu anderen Internetseiten enthalten, die von der Site <a href=\"https:\/\/lodg-ing.com\/de\/\">https:\/\/lodg-ing.com<\/a> v\u00f6llig unabh\u00e4ngig sind. Jeder Zugriff auf eine andere Website, die mit der Website <a href=\"https:\/\/lodg-ing.com\/de\/\">https:\/\/lodg-ing.com <\/a>verkn\u00fcpft ist, erfolgt daher auf eigene und uneingeschr\u00e4nkte Verantwortung des Benutzers. <\/p>\n<h2>Beschr\u00e4nkte Haftung<br><\/h2>\n<p>Der Herausgeber lehnt ausdr\u00fccklich jede Verantwortung f\u00fcr direkte, indirekte, zuf\u00e4llige, Folge- oder besondere Sch\u00e4den ab, die im Zusammenhang mit dem Zugriff auf oder der Nutzung der Website <a href=\"https:\/\/lodg-ing.com\/de\/\">https:\/\/lodg-ing.com<\/a> stehen oder als Folge davon entstehen, einschlie\u00dflich, aber nicht beschr\u00e4nkt auf, jeglicher Verlust oder Schaden, der durch Viren verursacht wird, die die Computerausr\u00fcstung des Benutzers befallen, oder der aus dem Glauben an Informationen resultiert, die \u00fcber die Website <a href=\"https:\/\/lodg-ing.com\/de\/\">https:\/\/lodg-ing.com<\/a> erhalten wurden.<\/p>\n<p>Ebenso wenig kann der Herausgeber dieser Website f\u00fcr den Missbrauch der Website durch den Benutzer oder f\u00fcr die vor\u00fcbergehende Nichtverf\u00fcgbarkeit der Website (h\u00f6here Gewalt, Wartungszeit oder technischer Zwischenfall, je nachdem, welcher Art) haftbar gemacht werden.<\/p>\n<p>Der Benutzer ist allein verantwortlich f\u00fcr die Verwendung der Informationen dieser Site und die sich daraus m\u00f6glicherweise ergebenden Konsequenzen, insbesondere im Hinblick auf Entscheidungen und Handlungen, die er auf Grundlage dieser Informationen trifft.<\/p>\n<h2>Update der Standortordnung<\/h2>\n<p>Der Herausgeber kann die rechtlichen Hinweise auf seiner Website je nach seinen kommerziellen Erfordernissen \u00e4ndern. Jeder Internetnutzer wird daher gebeten, bei jedem Besuch dieser Website diese Seite aufzurufen, um sich \u00fcber die genannten Bestimmungen zu informieren. <\/p>\t\t\t\t\t\t\t\t<\/div>\n\t\t\t\t\t<\/div>\n\t\t<\/div>\n\t\t\t\t\t<\/div>\n\t\t<\/section>\n\t\t\t\t<\/div>\n\t\t","protected":false},"excerpt":{"rendered":"<p>Editeur SAS LODG\u2019ING, mit einem Aktienkapital von 5.000 Euro, mit Sitz in Conlie (72240), ZA de la 4C und eingetragen im Handels- und Gesellschaftsregister von Le Mans unter der Nummer 838 203 560.Kontaktieren Sie uns Unterkunft Die Site wird von O2 SWITCH gehostet.Frankreich Design und Entwicklung Website erstellt von MIMOSAwww.mimosacom.com14 rue Savary, 49100 ANGERS Zugangs- [&hellip;]<\/p>\n","protected":false},"author":7,"featured_media":0,"parent":0,"menu_order":2,"comment_status":"closed","ping_status":"closed","template":"","meta":{"ocean_post_layout":"","ocean_both_sidebars_style":"","ocean_both_sidebars_content_width":0,"ocean_both_sidebars_sidebars_width":0,"ocean_sidebar":"0","ocean_second_sidebar":"0","ocean_disable_margins":"enable","ocean_add_body_class":"","ocean_shortcode_before_top_bar":"","ocean_shortcode_after_top_bar":"","ocean_shortcode_before_header":"","ocean_shortcode_after_header":"","ocean_has_shortcode":"","ocean_shortcode_after_title":"","ocean_shortcode_before_footer_widgets":"","ocean_shortcode_after_footer_widgets":"","ocean_shortcode_before_footer_bottom":"","ocean_shortcode_after_footer_bottom":"","ocean_display_top_bar":"default","ocean_display_header":"default","ocean_header_style":"","ocean_center_header_left_menu":"0","ocean_custom_header_template":"0","ocean_custom_logo":0,"ocean_custom_retina_logo":0,"ocean_custom_logo_max_width":0,"ocean_custom_logo_tablet_max_width":0,"ocean_custom_logo_mobile_max_width":0,"ocean_custom_logo_max_height":0,"ocean_custom_logo_tablet_max_height":0,"ocean_custom_logo_mobile_max_height":0,"ocean_header_custom_menu":"0","ocean_menu_typo_font_family":"0","ocean_menu_typo_font_subset":"","ocean_menu_typo_font_size":0,"ocean_menu_typo_font_size_tablet":0,"ocean_menu_typo_font_size_mobile":0,"ocean_menu_typo_font_size_unit":"px","ocean_menu_typo_font_weight":"","ocean_menu_typo_font_weight_tablet":"","ocean_menu_typo_font_weight_mobile":"","ocean_menu_typo_transform":"","ocean_menu_typo_transform_tablet":"","ocean_menu_typo_transform_mobile":"","ocean_menu_typo_line_height":0,"ocean_menu_typo_line_height_tablet":0,"ocean_menu_typo_line_height_mobile":0,"ocean_menu_typo_line_height_unit":"","ocean_menu_typo_spacing":0,"ocean_menu_typo_spacing_tablet":0,"ocean_menu_typo_spacing_mobile":0,"ocean_menu_typo_spacing_unit":"","ocean_menu_link_color":"","ocean_menu_link_color_hover":"","ocean_menu_link_color_active":"","ocean_menu_link_background":"","ocean_menu_link_hover_background":"","ocean_menu_link_active_background":"","ocean_menu_social_links_bg":"","ocean_menu_social_hover_links_bg":"","ocean_menu_social_links_color":"","ocean_menu_social_hover_links_color":"","ocean_disable_title":"on","ocean_disable_heading":"default","ocean_post_title":"","ocean_post_subheading":"","ocean_post_title_style":"","ocean_post_title_background_color":"","ocean_post_title_background":0,"ocean_post_title_bg_image_position":"","ocean_post_title_bg_image_attachment":"","ocean_post_title_bg_image_repeat":"","ocean_post_title_bg_image_size":"","ocean_post_title_height":0,"ocean_post_title_bg_overlay":0.5,"ocean_post_title_bg_overlay_color":"","ocean_disable_breadcrumbs":"default","ocean_breadcrumbs_color":"","ocean_breadcrumbs_separator_color":"","ocean_breadcrumbs_links_color":"","ocean_breadcrumbs_links_hover_color":"","ocean_display_footer_widgets":"default","ocean_display_footer_bottom":"default","ocean_custom_footer_template":"0","footnotes":""},"class_list":["post-5884","page","type-page","status-publish","hentry","entry"],"yoast_head":"<!-- This site is optimized with the Yoast SEO plugin v27.4 - https:\/\/yoast.com\/product\/yoast-seo-wordpress\/ -->\n<title>Rechtliche Hinweise - Lodg&#039;ing<\/title>\n<meta name=\"description\" content=\"Jede Konsultation und Nutzung der Website setzt die uneingeschr\u00e4nkte Annahme der in den rechtlichen Hinweisen enthaltenen Bestimmungen voraus.\" \/>\n<meta name=\"robots\" content=\"noindex, follow\" \/>\n<meta property=\"og:locale\" content=\"de_DE\" \/>\n<meta property=\"og:type\" content=\"article\" \/>\n<meta property=\"og:title\" content=\"Rechtliche Hinweise - Lodg&#039;ing\" \/>\n<meta property=\"og:description\" content=\"Jede Konsultation und Nutzung der Website setzt die uneingeschr\u00e4nkte Annahme der in den rechtlichen Hinweisen enthaltenen Bestimmungen voraus.\" \/>\n<meta property=\"og:url\" content=\"https:\/\/lodg-ing.com\/de\/rechtliche-hinweise\/\" \/>\n<meta property=\"og:site_name\" content=\"Lodg&#039;ing\" \/>\n<meta property=\"article:modified_time\" content=\"2025-02-04T11:24:50+00:00\" \/>\n<meta name=\"twitter:card\" content=\"summary_large_image\" \/>\n<meta name=\"twitter:label1\" content=\"Gesch\u00e4tzte Lesezeit\" \/>\n\t<meta name=\"twitter:data1\" content=\"2\u00a0Minuten\" \/>\n<script type=\"application\/ld+json\" class=\"yoast-schema-graph\">{\"@context\":\"https:\\\/\\\/schema.org\",\"@graph\":[{\"@type\":\"WebPage\",\"@id\":\"https:\\\/\\\/lodg-ing.com\\\/de\\\/rechtliche-hinweise\\\/\",\"url\":\"https:\\\/\\\/lodg-ing.com\\\/de\\\/rechtliche-hinweise\\\/\",\"name\":\"Rechtliche Hinweise - Lodg&#039;ing\",\"isPartOf\":{\"@id\":\"https:\\\/\\\/lodg-ing.com\\\/de\\\/#website\"},\"datePublished\":\"2019-03-13T14:27:38+00:00\",\"dateModified\":\"2025-02-04T11:24:50+00:00\",\"description\":\"Jede Konsultation und Nutzung der Website setzt die uneingeschr\u00e4nkte Annahme der in den rechtlichen Hinweisen enthaltenen Bestimmungen voraus.\",\"breadcrumb\":{\"@id\":\"https:\\\/\\\/lodg-ing.com\\\/de\\\/rechtliche-hinweise\\\/#breadcrumb\"},\"inLanguage\":\"de\",\"potentialAction\":[{\"@type\":\"ReadAction\",\"target\":[\"https:\\\/\\\/lodg-ing.com\\\/de\\\/rechtliche-hinweise\\\/\"]}]},{\"@type\":\"BreadcrumbList\",\"@id\":\"https:\\\/\\\/lodg-ing.com\\\/de\\\/rechtliche-hinweise\\\/#breadcrumb\",\"itemListElement\":[{\"@type\":\"ListItem\",\"position\":1,\"name\":\"Accueil\",\"item\":\"https:\\\/\\\/lodg-ing.com\\\/de\\\/\"},{\"@type\":\"ListItem\",\"position\":2,\"name\":\"Rechtliche Hinweise\"}]},{\"@type\":\"WebSite\",\"@id\":\"https:\\\/\\\/lodg-ing.com\\\/de\\\/#website\",\"url\":\"https:\\\/\\\/lodg-ing.com\\\/de\\\/\",\"name\":\"Lodg'ing\",\"description\":\"\",\"publisher\":{\"@id\":\"https:\\\/\\\/lodg-ing.com\\\/de\\\/#organization\"},\"potentialAction\":[{\"@type\":\"SearchAction\",\"target\":{\"@type\":\"EntryPoint\",\"urlTemplate\":\"https:\\\/\\\/lodg-ing.com\\\/de\\\/?s={search_term_string}\"},\"query-input\":{\"@type\":\"PropertyValueSpecification\",\"valueRequired\":true,\"valueName\":\"search_term_string\"}}],\"inLanguage\":\"de\"},{\"@type\":\"Organization\",\"@id\":\"https:\\\/\\\/lodg-ing.com\\\/de\\\/#organization\",\"name\":\"Lodg'ing\",\"url\":\"https:\\\/\\\/lodg-ing.com\\\/de\\\/\",\"logo\":{\"@type\":\"ImageObject\",\"inLanguage\":\"de\",\"@id\":\"https:\\\/\\\/lodg-ing.com\\\/de\\\/#\\\/schema\\\/logo\\\/image\\\/\",\"url\":\"https:\\\/\\\/lodg-ing.com\\\/wp-content\\\/uploads\\\/2020\\\/12\\\/logo-petit-site-web-1.png\",\"contentUrl\":\"https:\\\/\\\/lodg-ing.com\\\/wp-content\\\/uploads\\\/2020\\\/12\\\/logo-petit-site-web-1.png\",\"width\":250,\"height\":100,\"caption\":\"Lodg'ing\"},\"image\":{\"@id\":\"https:\\\/\\\/lodg-ing.com\\\/de\\\/#\\\/schema\\\/logo\\\/image\\\/\"}}]}<\/script>\n<!-- \/ Yoast SEO plugin. -->","yoast_head_json":{"title":"Rechtliche Hinweise - Lodg&#039;ing","description":"Jede Konsultation und Nutzung der Website setzt die uneingeschr\u00e4nkte Annahme der in den rechtlichen Hinweisen enthaltenen Bestimmungen voraus.","robots":{"index":"noindex","follow":"follow"},"og_locale":"de_DE","og_type":"article","og_title":"Rechtliche Hinweise - Lodg&#039;ing","og_description":"Jede Konsultation und Nutzung der Website setzt die uneingeschr\u00e4nkte Annahme der in den rechtlichen Hinweisen enthaltenen Bestimmungen voraus.","og_url":"https:\/\/lodg-ing.com\/de\/rechtliche-hinweise\/","og_site_name":"Lodg&#039;ing","article_modified_time":"2025-02-04T11:24:50+00:00","twitter_card":"summary_large_image","twitter_misc":{"Gesch\u00e4tzte Lesezeit":"2\u00a0Minuten"},"schema":{"@context":"https:\/\/schema.org","@graph":[{"@type":"WebPage","@id":"https:\/\/lodg-ing.com\/de\/rechtliche-hinweise\/","url":"https:\/\/lodg-ing.com\/de\/rechtliche-hinweise\/","name":"Rechtliche Hinweise - Lodg&#039;ing","isPartOf":{"@id":"https:\/\/lodg-ing.com\/de\/#website"},"datePublished":"2019-03-13T14:27:38+00:00","dateModified":"2025-02-04T11:24:50+00:00","description":"Jede Konsultation und Nutzung der Website setzt die uneingeschr\u00e4nkte Annahme der in den rechtlichen Hinweisen enthaltenen Bestimmungen voraus.","breadcrumb":{"@id":"https:\/\/lodg-ing.com\/de\/rechtliche-hinweise\/#breadcrumb"},"inLanguage":"de","potentialAction":[{"@type":"ReadAction","target":["https:\/\/lodg-ing.com\/de\/rechtliche-hinweise\/"]}]},{"@type":"BreadcrumbList","@id":"https:\/\/lodg-ing.com\/de\/rechtliche-hinweise\/#breadcrumb","itemListElement":[{"@type":"ListItem","position":1,"name":"Accueil","item":"https:\/\/lodg-ing.com\/de\/"},{"@type":"ListItem","position":2,"name":"Rechtliche Hinweise"}]},{"@type":"WebSite","@id":"https:\/\/lodg-ing.com\/de\/#website","url":"https:\/\/lodg-ing.com\/de\/","name":"Lodg'ing","description":"","publisher":{"@id":"https:\/\/lodg-ing.com\/de\/#organization"},"potentialAction":[{"@type":"SearchAction","target":{"@type":"EntryPoint","urlTemplate":"https:\/\/lodg-ing.com\/de\/?s={search_term_string}"},"query-input":{"@type":"PropertyValueSpecification","valueRequired":true,"valueName":"search_term_string"}}],"inLanguage":"de"},{"@type":"Organization","@id":"https:\/\/lodg-ing.com\/de\/#organization","name":"Lodg'ing","url":"https:\/\/lodg-ing.com\/de\/","logo":{"@type":"ImageObject","inLanguage":"de","@id":"https:\/\/lodg-ing.com\/de\/#\/schema\/logo\/image\/","url":"https:\/\/lodg-ing.com\/wp-content\/uploads\/2020\/12\/logo-petit-site-web-1.png","contentUrl":"https:\/\/lodg-ing.com\/wp-content\/uploads\/2020\/12\/logo-petit-site-web-1.png","width":250,"height":100,"caption":"Lodg'ing"},"image":{"@id":"https:\/\/lodg-ing.com\/de\/#\/schema\/logo\/image\/"}}]}},"_links":{"self":[{"href":"https:\/\/lodg-ing.com\/de\/wp-json\/wp\/v2\/pages\/5884","targetHints":{"allow":["GET"]}}],"collection":[{"href":"https:\/\/lodg-ing.com\/de\/wp-json\/wp\/v2\/pages"}],"about":[{"href":"https:\/\/lodg-ing.com\/de\/wp-json\/wp\/v2\/types\/page"}],"author":[{"embeddable":true,"href":"https:\/\/lodg-ing.com\/de\/wp-json\/wp\/v2\/users\/7"}],"replies":[{"embeddable":true,"href":"https:\/\/lodg-ing.com\/de\/wp-json\/wp\/v2\/comments?post=5884"}],"version-history":[{"count":1,"href":"https:\/\/lodg-ing.com\/de\/wp-json\/wp\/v2\/pages\/5884\/revisions"}],"predecessor-version":[{"id":5885,"href":"https:\/\/lodg-ing.com\/de\/wp-json\/wp\/v2\/pages\/5884\/revisions\/5885"}],"wp:attachment":[{"href":"https:\/\/lodg-ing.com\/de\/wp-json\/wp\/v2\/media?parent=5884"}],"curies":[{"name":"wp","href":"https:\/\/api.w.org\/{rel}","templated":true}]}}