{"id":5886,"date":"2019-03-13T15:29:10","date_gmt":"2019-03-13T14:29:10","guid":{"rendered":"https:\/\/lodg-ing.com\/personenbezogene-daten\/"},"modified":"2025-02-04T12:28:17","modified_gmt":"2025-02-04T11:28:17","slug":"personenbezogene-daten","status":"publish","type":"page","link":"https:\/\/lodg-ing.com\/de\/personenbezogene-daten\/","title":{"rendered":"personenbezogene Daten"},"content":{"rendered":"\t\t<div data-elementor-type=\"wp-post\" data-elementor-id=\"5886\" class=\"elementor elementor-5886 elementor-42\" data-elementor-post-type=\"page\">\n\t\t\t\t\t\t<section class=\"elementor-section elementor-top-section elementor-element elementor-element-4843fb2 elementor-section-boxed elementor-section-height-default elementor-section-height-default\" data-id=\"4843fb2\" data-element_type=\"section\" data-e-type=\"section\">\n\t\t\t\t\t\t<div class=\"elementor-container elementor-column-gap-default\">\n\t\t\t\t\t<div class=\"elementor-column elementor-col-100 elementor-top-column elementor-element elementor-element-58afd37\" data-id=\"58afd37\" data-element_type=\"column\" data-e-type=\"column\">\n\t\t\t<div class=\"elementor-widget-wrap elementor-element-populated\">\n\t\t\t\t\t\t<div class=\"elementor-element elementor-element-99b3083 elementor-widget elementor-widget-text-editor\" data-id=\"99b3083\" data-element_type=\"widget\" data-e-type=\"widget\" data-widget_type=\"text-editor.default\">\n\t\t\t\t\t\t\t\t\t<p><strong>Der Herausgeber verpflichtet sich, sicherzustellen, dass die Erhebung und Verarbeitung Ihrer Daten \u00fcber die Website <a title=\"\" href=\"https:\/\/lodg-ing.com\/de\/\">https:\/\/lodg-ing.com<\/a> der Datenschutz-Grundverordnung (DSGVO) und dem Gesetz \u00fcber Informationstechnologie und Freiheiten entspricht.<\/strong><\/p>\n<h2>Personenbezogene Daten \/ Vom Nutzer eingegebene Daten<\/h2>\n<h3>Kontakt<\/h3>\n<p>\u00dcber das Kontaktformular wird Ihre Nachricht per E-Mail an den Verlag gesendet. Diese personenbezogenen Daten erm\u00f6glichen es dem Herausgeber, Sie besser kennenzulernen, auf Ihre Bed\u00fcrfnisse einzugehen und seine Dienste zu optimieren. Die in diesem Formular gesammelten Informationen werden in einer von OVH verwalteten und gesicherten Datenbank aufgezeichnet. Die Aufbewahrungsdauer betr\u00e4gt 3 Jahre. Gem\u00e4\u00df dem <a href=\"https:\/\/www.cnil.fr\/fr\/loi-78-17-du-6-janvier-1978-modifiee\">Datenschutzgesetz<\/a> k\u00f6nnen Sie Ihr Recht auf Zugriff und Berichtigung der Sie betreffenden Daten aus\u00fcben, indem <a href=\"https:\/\/lodg-ing.com\/contact\/\">Sie Kontakt mit uns<\/a> aufnehmen.    <\/p>\n<h2>\u00dcber Cookies<\/h2>\n<p>Wir verwenden auf der Site verschiedene Cookies, um die Interaktivit\u00e4t der Site und unserer Dienste zu verbessern.<\/p>\n<h3>Was ist ein \u201eCookie\u201c?<\/h3>\n<p>Ein \u201eCookie\u201c ist eine kleine Datei, die normalerweise aus Buchstaben und Zahlen besteht und vom Webserver an die Cookie-Datei des Browsers gesendet wird, die sich auf der Festplatte Ihres Computers befindet.<br><a href=\"https:\/\/www.cnil.fr\/fr\/cookies-les-outils-pour-les-maitriser\">Erfahren Sie mehr \u00fcber Cookies, ihre Funktionsweise und Ihre Widerspruchsm\u00f6glichkeiten<\/a><\/p>\n<h4>Interne Cookies, die f\u00fcr das Funktionieren der Site erforderlich sind<\/h4>\n<p>Diese Cookies erm\u00f6glichen eine optimale Funktion der Website. Sie k\u00f6nnen ihnen in Ihren Browsereinstellungen widersprechen und sie l\u00f6schen, allerdings kann sich dadurch Ihr Benutzererlebnis verschlechtern. <\/p>\n<h4>Cookies zur Besuchermessung<\/h4>\n<p>Um die Site an die Bed\u00fcrfnisse ihrer Besucher anzupassen, messen wir die Anzahl der Besuche, die Anzahl der aufgerufenen Seiten sowie die Aktivit\u00e4t der Besucher auf der Site und die H\u00e4ufigkeit ihrer R\u00fcckkehr. Hier ist die Liste: <\/p>\n<ul>\n<li>Google Analytics<\/li>\n<\/ul>\n<p>Wir erfassen auch Ihre IP-Adresse, um die Stadt zu bestimmen, aus der Sie sich verbinden. Diese werden nach der Nutzung unmittelbar anonymisiert. F\u00fcr den Herausgeber ist auf diesem Wege kein R\u00fcckschluss auf eine nat\u00fcrliche Person m\u00f6glich.<br>Die erhobenen personenbezogenen Daten (Cookie-Kennung) werden vom Herausgeber f\u00fcr die Dauer von 13 Monaten aufbewahrt. Eine Weitergabe an Dritte oder eine Verwendung zu anderen Zwecken erfolgt nicht.<br>Sie k\u00f6nnen sich jederzeit informieren und Ihre Einstellungen f\u00fcr die Annahme oder Ablehnung von Cookies \u00e4ndern, indem Sie auf die Schaltfl\u00e4che \u201eCookie-Verwaltung\u201c unten auf jeder Seite der Website klicken. Sie k\u00f6nnen Ihre Pr\u00e4ferenz entweder global f\u00fcr die Site oder f\u00fcr jeden Dienst einzeln angeben.    <\/p>\t\t\t\t\t\t\t\t<\/div>\n\t\t\t\t\t<\/div>\n\t\t<\/div>\n\t\t\t\t\t<\/div>\n\t\t<\/section>\n\t\t\t\t<\/div>\n\t\t","protected":false},"excerpt":{"rendered":"<p>Der Herausgeber verpflichtet sich, sicherzustellen, dass die Erhebung und Verarbeitung Ihrer Daten \u00fcber die Website https:\/\/lodg-ing.com der Datenschutz-Grundverordnung (DSGVO) und dem Gesetz \u00fcber Informationstechnologie und Freiheiten entspricht. Personenbezogene Daten \/ Vom Nutzer eingegebene Daten Kontakt \u00dcber das Kontaktformular wird Ihre Nachricht per E-Mail an den Verlag gesendet. Diese personenbezogenen Daten erm\u00f6glichen es dem Herausgeber, Sie [&hellip;]<\/p>\n","protected":false},"author":7,"featured_media":0,"parent":0,"menu_order":3,"comment_status":"closed","ping_status":"closed","template":"","meta":{"ocean_post_layout":"","ocean_both_sidebars_style":"","ocean_both_sidebars_content_width":0,"ocean_both_sidebars_sidebars_width":0,"ocean_sidebar":"0","ocean_second_sidebar":"0","ocean_disable_margins":"enable","ocean_add_body_class":"","ocean_shortcode_before_top_bar":"","ocean_shortcode_after_top_bar":"","ocean_shortcode_before_header":"","ocean_shortcode_after_header":"","ocean_has_shortcode":"","ocean_shortcode_after_title":"","ocean_shortcode_before_footer_widgets":"","ocean_shortcode_after_footer_widgets":"","ocean_shortcode_before_footer_bottom":"","ocean_shortcode_after_footer_bottom":"","ocean_display_top_bar":"default","ocean_display_header":"default","ocean_header_style":"","ocean_center_header_left_menu":"0","ocean_custom_header_template":"0","ocean_custom_logo":0,"ocean_custom_retina_logo":0,"ocean_custom_logo_max_width":0,"ocean_custom_logo_tablet_max_width":0,"ocean_custom_logo_mobile_max_width":0,"ocean_custom_logo_max_height":0,"ocean_custom_logo_tablet_max_height":0,"ocean_custom_logo_mobile_max_height":0,"ocean_header_custom_menu":"0","ocean_menu_typo_font_family":"0","ocean_menu_typo_font_subset":"","ocean_menu_typo_font_size":0,"ocean_menu_typo_font_size_tablet":0,"ocean_menu_typo_font_size_mobile":0,"ocean_menu_typo_font_size_unit":"px","ocean_menu_typo_font_weight":"","ocean_menu_typo_font_weight_tablet":"","ocean_menu_typo_font_weight_mobile":"","ocean_menu_typo_transform":"","ocean_menu_typo_transform_tablet":"","ocean_menu_typo_transform_mobile":"","ocean_menu_typo_line_height":0,"ocean_menu_typo_line_height_tablet":0,"ocean_menu_typo_line_height_mobile":0,"ocean_menu_typo_line_height_unit":"","ocean_menu_typo_spacing":0,"ocean_menu_typo_spacing_tablet":0,"ocean_menu_typo_spacing_mobile":0,"ocean_menu_typo_spacing_unit":"","ocean_menu_link_color":"","ocean_menu_link_color_hover":"","ocean_menu_link_color_active":"","ocean_menu_link_background":"","ocean_menu_link_hover_background":"","ocean_menu_link_active_background":"","ocean_menu_social_links_bg":"","ocean_menu_social_hover_links_bg":"","ocean_menu_social_links_color":"","ocean_menu_social_hover_links_color":"","ocean_disable_title":"on","ocean_disable_heading":"default","ocean_post_title":"","ocean_post_subheading":"","ocean_post_title_style":"","ocean_post_title_background_color":"","ocean_post_title_background":0,"ocean_post_title_bg_image_position":"","ocean_post_title_bg_image_attachment":"","ocean_post_title_bg_image_repeat":"","ocean_post_title_bg_image_size":"","ocean_post_title_height":0,"ocean_post_title_bg_overlay":0.5,"ocean_post_title_bg_overlay_color":"","ocean_disable_breadcrumbs":"default","ocean_breadcrumbs_color":"","ocean_breadcrumbs_separator_color":"","ocean_breadcrumbs_links_color":"","ocean_breadcrumbs_links_hover_color":"","ocean_display_footer_widgets":"default","ocean_display_footer_bottom":"default","ocean_custom_footer_template":"0","footnotes":""},"class_list":["post-5886","page","type-page","status-publish","hentry","entry"],"yoast_head":"<!-- This site is optimized with the Yoast SEO plugin v27.4 - https:\/\/yoast.com\/product\/yoast-seo-wordpress\/ -->\n<title>personenbezogene Daten - Lodg&#039;ing<\/title>\n<meta name=\"description\" content=\"Das Unternehmen verpflichtet sich, bei der Erhebung und Verarbeitung Ihrer Daten die datenschutzrechtlichen Bestimmungen einzuhalten.\" \/>\n<meta name=\"robots\" content=\"noindex, follow\" \/>\n<meta property=\"og:locale\" content=\"de_DE\" \/>\n<meta property=\"og:type\" content=\"article\" \/>\n<meta property=\"og:title\" content=\"personenbezogene Daten - Lodg&#039;ing\" \/>\n<meta property=\"og:description\" content=\"Das Unternehmen verpflichtet sich, bei der Erhebung und Verarbeitung Ihrer Daten die datenschutzrechtlichen Bestimmungen einzuhalten.\" \/>\n<meta property=\"og:url\" content=\"https:\/\/lodg-ing.com\/de\/personenbezogene-daten\/\" \/>\n<meta property=\"og:site_name\" content=\"Lodg&#039;ing\" \/>\n<meta property=\"article:modified_time\" content=\"2025-02-04T11:28:17+00:00\" \/>\n<meta name=\"twitter:card\" content=\"summary_large_image\" \/>\n<meta name=\"twitter:label1\" content=\"Gesch\u00e4tzte Lesezeit\" \/>\n\t<meta name=\"twitter:data1\" content=\"2\u00a0Minuten\" \/>\n<script type=\"application\/ld+json\" class=\"yoast-schema-graph\">{\"@context\":\"https:\\\/\\\/schema.org\",\"@graph\":[{\"@type\":\"WebPage\",\"@id\":\"https:\\\/\\\/lodg-ing.com\\\/de\\\/personenbezogene-daten\\\/\",\"url\":\"https:\\\/\\\/lodg-ing.com\\\/de\\\/personenbezogene-daten\\\/\",\"name\":\"personenbezogene Daten - Lodg&#039;ing\",\"isPartOf\":{\"@id\":\"https:\\\/\\\/lodg-ing.com\\\/de\\\/#website\"},\"datePublished\":\"2019-03-13T14:29:10+00:00\",\"dateModified\":\"2025-02-04T11:28:17+00:00\",\"description\":\"Das Unternehmen verpflichtet sich, bei der Erhebung und Verarbeitung Ihrer Daten die datenschutzrechtlichen Bestimmungen einzuhalten.\",\"breadcrumb\":{\"@id\":\"https:\\\/\\\/lodg-ing.com\\\/de\\\/personenbezogene-daten\\\/#breadcrumb\"},\"inLanguage\":\"de\",\"potentialAction\":[{\"@type\":\"ReadAction\",\"target\":[\"https:\\\/\\\/lodg-ing.com\\\/de\\\/personenbezogene-daten\\\/\"]}]},{\"@type\":\"BreadcrumbList\",\"@id\":\"https:\\\/\\\/lodg-ing.com\\\/de\\\/personenbezogene-daten\\\/#breadcrumb\",\"itemListElement\":[{\"@type\":\"ListItem\",\"position\":1,\"name\":\"Accueil\",\"item\":\"https:\\\/\\\/lodg-ing.com\\\/de\\\/\"},{\"@type\":\"ListItem\",\"position\":2,\"name\":\"personenbezogene Daten\"}]},{\"@type\":\"WebSite\",\"@id\":\"https:\\\/\\\/lodg-ing.com\\\/de\\\/#website\",\"url\":\"https:\\\/\\\/lodg-ing.com\\\/de\\\/\",\"name\":\"Lodg'ing\",\"description\":\"\",\"publisher\":{\"@id\":\"https:\\\/\\\/lodg-ing.com\\\/de\\\/#organization\"},\"potentialAction\":[{\"@type\":\"SearchAction\",\"target\":{\"@type\":\"EntryPoint\",\"urlTemplate\":\"https:\\\/\\\/lodg-ing.com\\\/de\\\/?s={search_term_string}\"},\"query-input\":{\"@type\":\"PropertyValueSpecification\",\"valueRequired\":true,\"valueName\":\"search_term_string\"}}],\"inLanguage\":\"de\"},{\"@type\":\"Organization\",\"@id\":\"https:\\\/\\\/lodg-ing.com\\\/de\\\/#organization\",\"name\":\"Lodg'ing\",\"url\":\"https:\\\/\\\/lodg-ing.com\\\/de\\\/\",\"logo\":{\"@type\":\"ImageObject\",\"inLanguage\":\"de\",\"@id\":\"https:\\\/\\\/lodg-ing.com\\\/de\\\/#\\\/schema\\\/logo\\\/image\\\/\",\"url\":\"https:\\\/\\\/lodg-ing.com\\\/wp-content\\\/uploads\\\/2020\\\/12\\\/logo-petit-site-web-1.png\",\"contentUrl\":\"https:\\\/\\\/lodg-ing.com\\\/wp-content\\\/uploads\\\/2020\\\/12\\\/logo-petit-site-web-1.png\",\"width\":250,\"height\":100,\"caption\":\"Lodg'ing\"},\"image\":{\"@id\":\"https:\\\/\\\/lodg-ing.com\\\/de\\\/#\\\/schema\\\/logo\\\/image\\\/\"}}]}<\/script>\n<!-- \/ Yoast SEO plugin. -->","yoast_head_json":{"title":"personenbezogene Daten - Lodg&#039;ing","description":"Das Unternehmen verpflichtet sich, bei der Erhebung und Verarbeitung Ihrer Daten die datenschutzrechtlichen Bestimmungen einzuhalten.","robots":{"index":"noindex","follow":"follow"},"og_locale":"de_DE","og_type":"article","og_title":"personenbezogene Daten - Lodg&#039;ing","og_description":"Das Unternehmen verpflichtet sich, bei der Erhebung und Verarbeitung Ihrer Daten die datenschutzrechtlichen Bestimmungen einzuhalten.","og_url":"https:\/\/lodg-ing.com\/de\/personenbezogene-daten\/","og_site_name":"Lodg&#039;ing","article_modified_time":"2025-02-04T11:28:17+00:00","twitter_card":"summary_large_image","twitter_misc":{"Gesch\u00e4tzte Lesezeit":"2\u00a0Minuten"},"schema":{"@context":"https:\/\/schema.org","@graph":[{"@type":"WebPage","@id":"https:\/\/lodg-ing.com\/de\/personenbezogene-daten\/","url":"https:\/\/lodg-ing.com\/de\/personenbezogene-daten\/","name":"personenbezogene Daten - Lodg&#039;ing","isPartOf":{"@id":"https:\/\/lodg-ing.com\/de\/#website"},"datePublished":"2019-03-13T14:29:10+00:00","dateModified":"2025-02-04T11:28:17+00:00","description":"Das Unternehmen verpflichtet sich, bei der Erhebung und Verarbeitung Ihrer Daten die datenschutzrechtlichen Bestimmungen einzuhalten.","breadcrumb":{"@id":"https:\/\/lodg-ing.com\/de\/personenbezogene-daten\/#breadcrumb"},"inLanguage":"de","potentialAction":[{"@type":"ReadAction","target":["https:\/\/lodg-ing.com\/de\/personenbezogene-daten\/"]}]},{"@type":"BreadcrumbList","@id":"https:\/\/lodg-ing.com\/de\/personenbezogene-daten\/#breadcrumb","itemListElement":[{"@type":"ListItem","position":1,"name":"Accueil","item":"https:\/\/lodg-ing.com\/de\/"},{"@type":"ListItem","position":2,"name":"personenbezogene Daten"}]},{"@type":"WebSite","@id":"https:\/\/lodg-ing.com\/de\/#website","url":"https:\/\/lodg-ing.com\/de\/","name":"Lodg'ing","description":"","publisher":{"@id":"https:\/\/lodg-ing.com\/de\/#organization"},"potentialAction":[{"@type":"SearchAction","target":{"@type":"EntryPoint","urlTemplate":"https:\/\/lodg-ing.com\/de\/?s={search_term_string}"},"query-input":{"@type":"PropertyValueSpecification","valueRequired":true,"valueName":"search_term_string"}}],"inLanguage":"de"},{"@type":"Organization","@id":"https:\/\/lodg-ing.com\/de\/#organization","name":"Lodg'ing","url":"https:\/\/lodg-ing.com\/de\/","logo":{"@type":"ImageObject","inLanguage":"de","@id":"https:\/\/lodg-ing.com\/de\/#\/schema\/logo\/image\/","url":"https:\/\/lodg-ing.com\/wp-content\/uploads\/2020\/12\/logo-petit-site-web-1.png","contentUrl":"https:\/\/lodg-ing.com\/wp-content\/uploads\/2020\/12\/logo-petit-site-web-1.png","width":250,"height":100,"caption":"Lodg'ing"},"image":{"@id":"https:\/\/lodg-ing.com\/de\/#\/schema\/logo\/image\/"}}]}},"_links":{"self":[{"href":"https:\/\/lodg-ing.com\/de\/wp-json\/wp\/v2\/pages\/5886","targetHints":{"allow":["GET"]}}],"collection":[{"href":"https:\/\/lodg-ing.com\/de\/wp-json\/wp\/v2\/pages"}],"about":[{"href":"https:\/\/lodg-ing.com\/de\/wp-json\/wp\/v2\/types\/page"}],"author":[{"embeddable":true,"href":"https:\/\/lodg-ing.com\/de\/wp-json\/wp\/v2\/users\/7"}],"replies":[{"embeddable":true,"href":"https:\/\/lodg-ing.com\/de\/wp-json\/wp\/v2\/comments?post=5886"}],"version-history":[{"count":1,"href":"https:\/\/lodg-ing.com\/de\/wp-json\/wp\/v2\/pages\/5886\/revisions"}],"predecessor-version":[{"id":5887,"href":"https:\/\/lodg-ing.com\/de\/wp-json\/wp\/v2\/pages\/5886\/revisions\/5887"}],"wp:attachment":[{"href":"https:\/\/lodg-ing.com\/de\/wp-json\/wp\/v2\/media?parent=5886"}],"curies":[{"name":"wp","href":"https:\/\/api.w.org\/{rel}","templated":true}]}}