{"id":6368,"date":"2019-03-13T15:27:38","date_gmt":"2019-03-13T14:27:38","guid":{"rendered":"https:\/\/lodg-ing.com\/avisos-legales\/"},"modified":"2025-02-11T21:46:46","modified_gmt":"2025-02-11T20:46:46","slug":"avisos-legales","status":"publish","type":"page","link":"https:\/\/lodg-ing.com\/es\/avisos-legales\/","title":{"rendered":"avisos legales"},"content":{"rendered":"\t\t<div data-elementor-type=\"wp-post\" data-elementor-id=\"6368\" class=\"elementor elementor-6368 elementor-38\" data-elementor-post-type=\"page\">\n\t\t\t\t\t\t<section class=\"elementor-section elementor-top-section elementor-element elementor-element-6d8ee49 elementor-section-boxed elementor-section-height-default elementor-section-height-default\" data-id=\"6d8ee49\" data-element_type=\"section\" data-e-type=\"section\">\n\t\t\t\t\t\t<div class=\"elementor-container elementor-column-gap-default\">\n\t\t\t\t\t<div class=\"elementor-column elementor-col-100 elementor-top-column elementor-element elementor-element-743352c\" data-id=\"743352c\" data-element_type=\"column\" data-e-type=\"column\">\n\t\t\t<div class=\"elementor-widget-wrap elementor-element-populated\">\n\t\t\t\t\t\t<div class=\"elementor-element elementor-element-b2454ae elementor-widget elementor-widget-text-editor\" data-id=\"b2454ae\" data-element_type=\"widget\" data-e-type=\"widget\" data-widget_type=\"text-editor.default\">\n\t\t\t\t\t\t\t\t\t<h2>Editor<\/h2>\n<p><strong>SAS<\/strong> LODG\u2019ING, con un capital social de 5.000 euros, con domicilio social en Conlie (72240), ZA de la 4C e inscrita en el registro mercantil y de sociedades de Le Mans con el n\u00famero 838 203 560.<br><a title=\"Contacto\" href=\"https:\/\/lodg-ing.com\/contact\/\">Cont\u00e1ctenos<\/a><\/p>\n<h2>Alojamiento<\/h2>\n<p>El sitio est\u00e1 alojado en O2 SWITCH.<br>Francia<\/p>\n<h2>Dise\u00f1o y desarrollo<\/h2>\n<p><strong>Sitio creado por MIMOSA<\/strong><br>www.mimosacom.com<br>14 rue Savary, 49100 ANGERS<\/p>\n<h2>Condiciones de acceso y uso<\/h2>\n<p>Cualquier consulta y uso del sitio <a href=\"https:\/\/lodg-ing.com\/es\/\">https:\/\/lodg-ing.com<\/a> implica la aceptaci\u00f3n irrestricta de los t\u00e9rminos de la normativa presentada en los avisos legales a continuaci\u00f3n. En consecuencia, cualquier acceso al sitio <a href=\"https:\/\/lodg-ing.com\/es\/\">https:\/\/lodg-ing.com<\/a> est\u00e1 sujeto a la presente normativa as\u00ed como a las leyes vigentes.<br><br><br><br><br> <\/p>\n<h2>Contenido<\/h2>\n<p>El sitio<a href=\"https:\/\/lodg-ing.com\/es\/\"> https:\/\/lodg-ing.com<\/a> contiene informaci\u00f3n relacionada con el editor.<br>Cualquier informaci\u00f3n proporcionada en este sitio es s\u00f3lo para fines informativos. La informaci\u00f3n contenida en este sitio est\u00e1 dise\u00f1ada para ser lo m\u00e1s completa posible.<br>El editor se reserva el derecho de realizar cambios en el programa en cualquier momento y sin previo aviso. <\/p>\n<h2>Aviso de derechos de autor, propiedad intelectual e industrial<\/h2>\n<p>La presentaci\u00f3n y contenidos de este sitio se encuentran plenamente protegidos por la normativa relativa a la protecci\u00f3n de los derechos de propiedad intelectual e industrial. La informaci\u00f3n, textos, im\u00e1genes o gr\u00e1ficos s\u00f3lo podr\u00e1n utilizarse para fines estrictamente personales y no comerciales. Cualquier forma de reproducci\u00f3n, modificaci\u00f3n, transmisi\u00f3n, licencia o publicaci\u00f3n de todo o parte de este material, para cualquier prop\u00f3sito, est\u00e1 prohibida sin el permiso previo por escrito del editor, excepto para visualizaci\u00f3n.  <\/p>\n<h2>Hyperliens<\/h2>\n<p>El sitio <a href=\"https:\/\/lodg-ing.com\/es\/\">https:\/\/lodg-ing.com<\/a> puede contener enlaces de hipertexto que conduzcan a otros sitios web completamente independientes del sitio <a href=\"https:\/\/lodg-ing.com\/es\/\">https:\/\/lodg-ing.com<\/a>. Por tanto, cualquier acceso a otro sitio web vinculado al sitio <a href=\"https:\/\/lodg-ing.com\/es\/\">https:\/\/lodg-ing.com<\/a> se realiza bajo la propia responsabilidad del usuario. <\/p>\n<h2>Responsabilidad limitada<\/h2>\n<p>El editor renuncia espec\u00edficamente a toda responsabilidad por posibles da\u00f1os directos, indirectos, accidentales, consecuentes o especiales relacionados con el acceso o el uso del sitio <a href=\"https:\/\/lodg-ing.com\/es\/\">https:\/\/lodg-ing.com<\/a> o sufridos como resultado del mismo, incluidos, entre otros, cualquier p\u00e9rdida o da\u00f1o causado por virus que afecten al equipo inform\u00e1tico del usuario o que resulten de la confianza en la informaci\u00f3n obtenida a trav\u00e9s del sitio <a href=\"https:\/\/lodg-ing.com\/es\/\">https:\/\/lodg-ing.com<\/a>.<\/p>\n<p>Asimismo, el editor de este sitio no se hace responsable en caso de mal uso del sitio por parte del usuario o en caso de indisponibilidad temporal del sitio (caso de fuerza mayor, per\u00edodo de mantenimiento o incidente t\u00e9cnico, cualquiera que sea).<\/p>\n<p>El usuario es el \u00fanico responsable del uso de la informaci\u00f3n que aparece en este sitio y de las consecuencias que podr\u00edan derivarse de ella, en particular en lo que respecta a las decisiones tomadas y las acciones realizadas sobre la base de esta informaci\u00f3n.<\/p>\n<h2>Regulaciones del sitio actualizadas<\/h2>\n<p>El editor podr\u00e1, en funci\u00f3n de sus necesidades comerciales, modificar los avisos legales de su sitio. Por lo tanto, se invita a cada internauta a visitar esta p\u00e1gina durante cada consulta del sitio para conocer dicha normativa. <\/p>\t\t\t\t\t\t\t\t<\/div>\n\t\t\t\t\t<\/div>\n\t\t<\/div>\n\t\t\t\t\t<\/div>\n\t\t<\/section>\n\t\t\t\t<\/div>\n\t\t","protected":false},"excerpt":{"rendered":"<p>Editor SAS LODG\u2019ING, con un capital social de 5.000 euros, con domicilio social en Conlie (72240), ZA de la 4C e inscrita en el registro mercantil y de sociedades de Le Mans con el n\u00famero 838 203 560.Cont\u00e1ctenos Alojamiento El sitio est\u00e1 alojado en O2 SWITCH.Francia Dise\u00f1o y desarrollo Sitio creado por MIMOSAwww.mimosacom.com14 rue Savary, [&hellip;]<\/p>\n","protected":false},"author":7,"featured_media":0,"parent":0,"menu_order":2,"comment_status":"closed","ping_status":"closed","template":"","meta":{"ocean_post_layout":"","ocean_both_sidebars_style":"","ocean_both_sidebars_content_width":0,"ocean_both_sidebars_sidebars_width":0,"ocean_sidebar":"0","ocean_second_sidebar":"0","ocean_disable_margins":"enable","ocean_add_body_class":"","ocean_shortcode_before_top_bar":"","ocean_shortcode_after_top_bar":"","ocean_shortcode_before_header":"","ocean_shortcode_after_header":"","ocean_has_shortcode":"","ocean_shortcode_after_title":"","ocean_shortcode_before_footer_widgets":"","ocean_shortcode_after_footer_widgets":"","ocean_shortcode_before_footer_bottom":"","ocean_shortcode_after_footer_bottom":"","ocean_display_top_bar":"default","ocean_display_header":"default","ocean_header_style":"","ocean_center_header_left_menu":"0","ocean_custom_header_template":"0","ocean_custom_logo":0,"ocean_custom_retina_logo":0,"ocean_custom_logo_max_width":0,"ocean_custom_logo_tablet_max_width":0,"ocean_custom_logo_mobile_max_width":0,"ocean_custom_logo_max_height":0,"ocean_custom_logo_tablet_max_height":0,"ocean_custom_logo_mobile_max_height":0,"ocean_header_custom_menu":"0","ocean_menu_typo_font_family":"0","ocean_menu_typo_font_subset":"","ocean_menu_typo_font_size":0,"ocean_menu_typo_font_size_tablet":0,"ocean_menu_typo_font_size_mobile":0,"ocean_menu_typo_font_size_unit":"px","ocean_menu_typo_font_weight":"","ocean_menu_typo_font_weight_tablet":"","ocean_menu_typo_font_weight_mobile":"","ocean_menu_typo_transform":"","ocean_menu_typo_transform_tablet":"","ocean_menu_typo_transform_mobile":"","ocean_menu_typo_line_height":0,"ocean_menu_typo_line_height_tablet":0,"ocean_menu_typo_line_height_mobile":0,"ocean_menu_typo_line_height_unit":"","ocean_menu_typo_spacing":0,"ocean_menu_typo_spacing_tablet":0,"ocean_menu_typo_spacing_mobile":0,"ocean_menu_typo_spacing_unit":"","ocean_menu_link_color":"","ocean_menu_link_color_hover":"","ocean_menu_link_color_active":"","ocean_menu_link_background":"","ocean_menu_link_hover_background":"","ocean_menu_link_active_background":"","ocean_menu_social_links_bg":"","ocean_menu_social_hover_links_bg":"","ocean_menu_social_links_color":"","ocean_menu_social_hover_links_color":"","ocean_disable_title":"on","ocean_disable_heading":"default","ocean_post_title":"","ocean_post_subheading":"","ocean_post_title_style":"","ocean_post_title_background_color":"","ocean_post_title_background":0,"ocean_post_title_bg_image_position":"","ocean_post_title_bg_image_attachment":"","ocean_post_title_bg_image_repeat":"","ocean_post_title_bg_image_size":"","ocean_post_title_height":0,"ocean_post_title_bg_overlay":0.5,"ocean_post_title_bg_overlay_color":"","ocean_disable_breadcrumbs":"default","ocean_breadcrumbs_color":"","ocean_breadcrumbs_separator_color":"","ocean_breadcrumbs_links_color":"","ocean_breadcrumbs_links_hover_color":"","ocean_display_footer_widgets":"default","ocean_display_footer_bottom":"default","ocean_custom_footer_template":"0","footnotes":""},"class_list":["post-6368","page","type-page","status-publish","hentry","entry"],"yoast_head":"<!-- This site is optimized with the Yoast SEO plugin v27.4 - https:\/\/yoast.com\/product\/yoast-seo-wordpress\/ -->\n<title>avisos legales - Lodg&#039;ing<\/title>\n<meta name=\"description\" content=\"Cualquier consulta y uso del sitio implica la aceptaci\u00f3n ilimitada de los t\u00e9rminos de la normativa presente en los avisos legales.\" \/>\n<meta name=\"robots\" content=\"noindex, follow\" \/>\n<meta property=\"og:locale\" content=\"es_ES\" \/>\n<meta property=\"og:type\" content=\"article\" \/>\n<meta property=\"og:title\" content=\"avisos legales - Lodg&#039;ing\" \/>\n<meta property=\"og:description\" content=\"Cualquier consulta y uso del sitio implica la aceptaci\u00f3n ilimitada de los t\u00e9rminos de la normativa presente en los avisos legales.\" \/>\n<meta property=\"og:url\" content=\"https:\/\/lodg-ing.com\/es\/avisos-legales\/\" \/>\n<meta property=\"og:site_name\" content=\"Lodg&#039;ing\" \/>\n<meta property=\"article:modified_time\" content=\"2025-02-11T20:46:46+00:00\" \/>\n<meta name=\"twitter:card\" content=\"summary_large_image\" \/>\n<meta name=\"twitter:label1\" content=\"Tiempo de lectura\" \/>\n\t<meta name=\"twitter:data1\" content=\"3 minutos\" \/>\n<script type=\"application\/ld+json\" class=\"yoast-schema-graph\">{\"@context\":\"https:\\\/\\\/schema.org\",\"@graph\":[{\"@type\":\"WebPage\",\"@id\":\"https:\\\/\\\/lodg-ing.com\\\/es\\\/avisos-legales\\\/\",\"url\":\"https:\\\/\\\/lodg-ing.com\\\/es\\\/avisos-legales\\\/\",\"name\":\"avisos legales - Lodg&#039;ing\",\"isPartOf\":{\"@id\":\"https:\\\/\\\/lodg-ing.com\\\/es\\\/#website\"},\"datePublished\":\"2019-03-13T14:27:38+00:00\",\"dateModified\":\"2025-02-11T20:46:46+00:00\",\"description\":\"Cualquier consulta y uso del sitio implica la aceptaci\u00f3n ilimitada de los t\u00e9rminos de la normativa presente en los avisos legales.\",\"breadcrumb\":{\"@id\":\"https:\\\/\\\/lodg-ing.com\\\/es\\\/avisos-legales\\\/#breadcrumb\"},\"inLanguage\":\"es\",\"potentialAction\":[{\"@type\":\"ReadAction\",\"target\":[\"https:\\\/\\\/lodg-ing.com\\\/es\\\/avisos-legales\\\/\"]}]},{\"@type\":\"BreadcrumbList\",\"@id\":\"https:\\\/\\\/lodg-ing.com\\\/es\\\/avisos-legales\\\/#breadcrumb\",\"itemListElement\":[{\"@type\":\"ListItem\",\"position\":1,\"name\":\"Accueil\",\"item\":\"https:\\\/\\\/lodg-ing.com\\\/es\\\/\"},{\"@type\":\"ListItem\",\"position\":2,\"name\":\"avisos legales\"}]},{\"@type\":\"WebSite\",\"@id\":\"https:\\\/\\\/lodg-ing.com\\\/es\\\/#website\",\"url\":\"https:\\\/\\\/lodg-ing.com\\\/es\\\/\",\"name\":\"Lodg'ing\",\"description\":\"\",\"publisher\":{\"@id\":\"https:\\\/\\\/lodg-ing.com\\\/es\\\/#organization\"},\"potentialAction\":[{\"@type\":\"SearchAction\",\"target\":{\"@type\":\"EntryPoint\",\"urlTemplate\":\"https:\\\/\\\/lodg-ing.com\\\/es\\\/?s={search_term_string}\"},\"query-input\":{\"@type\":\"PropertyValueSpecification\",\"valueRequired\":true,\"valueName\":\"search_term_string\"}}],\"inLanguage\":\"es\"},{\"@type\":\"Organization\",\"@id\":\"https:\\\/\\\/lodg-ing.com\\\/es\\\/#organization\",\"name\":\"Lodg'ing\",\"url\":\"https:\\\/\\\/lodg-ing.com\\\/es\\\/\",\"logo\":{\"@type\":\"ImageObject\",\"inLanguage\":\"es\",\"@id\":\"https:\\\/\\\/lodg-ing.com\\\/es\\\/#\\\/schema\\\/logo\\\/image\\\/\",\"url\":\"https:\\\/\\\/lodg-ing.com\\\/wp-content\\\/uploads\\\/2020\\\/12\\\/logo-petit-site-web-1.png\",\"contentUrl\":\"https:\\\/\\\/lodg-ing.com\\\/wp-content\\\/uploads\\\/2020\\\/12\\\/logo-petit-site-web-1.png\",\"width\":250,\"height\":100,\"caption\":\"Lodg'ing\"},\"image\":{\"@id\":\"https:\\\/\\\/lodg-ing.com\\\/es\\\/#\\\/schema\\\/logo\\\/image\\\/\"}}]}<\/script>\n<!-- \/ Yoast SEO plugin. -->","yoast_head_json":{"title":"avisos legales - Lodg&#039;ing","description":"Cualquier consulta y uso del sitio implica la aceptaci\u00f3n ilimitada de los t\u00e9rminos de la normativa presente en los avisos legales.","robots":{"index":"noindex","follow":"follow"},"og_locale":"es_ES","og_type":"article","og_title":"avisos legales - Lodg&#039;ing","og_description":"Cualquier consulta y uso del sitio implica la aceptaci\u00f3n ilimitada de los t\u00e9rminos de la normativa presente en los avisos legales.","og_url":"https:\/\/lodg-ing.com\/es\/avisos-legales\/","og_site_name":"Lodg&#039;ing","article_modified_time":"2025-02-11T20:46:46+00:00","twitter_card":"summary_large_image","twitter_misc":{"Tiempo de lectura":"3 minutos"},"schema":{"@context":"https:\/\/schema.org","@graph":[{"@type":"WebPage","@id":"https:\/\/lodg-ing.com\/es\/avisos-legales\/","url":"https:\/\/lodg-ing.com\/es\/avisos-legales\/","name":"avisos legales - Lodg&#039;ing","isPartOf":{"@id":"https:\/\/lodg-ing.com\/es\/#website"},"datePublished":"2019-03-13T14:27:38+00:00","dateModified":"2025-02-11T20:46:46+00:00","description":"Cualquier consulta y uso del sitio implica la aceptaci\u00f3n ilimitada de los t\u00e9rminos de la normativa presente en los avisos legales.","breadcrumb":{"@id":"https:\/\/lodg-ing.com\/es\/avisos-legales\/#breadcrumb"},"inLanguage":"es","potentialAction":[{"@type":"ReadAction","target":["https:\/\/lodg-ing.com\/es\/avisos-legales\/"]}]},{"@type":"BreadcrumbList","@id":"https:\/\/lodg-ing.com\/es\/avisos-legales\/#breadcrumb","itemListElement":[{"@type":"ListItem","position":1,"name":"Accueil","item":"https:\/\/lodg-ing.com\/es\/"},{"@type":"ListItem","position":2,"name":"avisos legales"}]},{"@type":"WebSite","@id":"https:\/\/lodg-ing.com\/es\/#website","url":"https:\/\/lodg-ing.com\/es\/","name":"Lodg'ing","description":"","publisher":{"@id":"https:\/\/lodg-ing.com\/es\/#organization"},"potentialAction":[{"@type":"SearchAction","target":{"@type":"EntryPoint","urlTemplate":"https:\/\/lodg-ing.com\/es\/?s={search_term_string}"},"query-input":{"@type":"PropertyValueSpecification","valueRequired":true,"valueName":"search_term_string"}}],"inLanguage":"es"},{"@type":"Organization","@id":"https:\/\/lodg-ing.com\/es\/#organization","name":"Lodg'ing","url":"https:\/\/lodg-ing.com\/es\/","logo":{"@type":"ImageObject","inLanguage":"es","@id":"https:\/\/lodg-ing.com\/es\/#\/schema\/logo\/image\/","url":"https:\/\/lodg-ing.com\/wp-content\/uploads\/2020\/12\/logo-petit-site-web-1.png","contentUrl":"https:\/\/lodg-ing.com\/wp-content\/uploads\/2020\/12\/logo-petit-site-web-1.png","width":250,"height":100,"caption":"Lodg'ing"},"image":{"@id":"https:\/\/lodg-ing.com\/es\/#\/schema\/logo\/image\/"}}]}},"_links":{"self":[{"href":"https:\/\/lodg-ing.com\/es\/wp-json\/wp\/v2\/pages\/6368","targetHints":{"allow":["GET"]}}],"collection":[{"href":"https:\/\/lodg-ing.com\/es\/wp-json\/wp\/v2\/pages"}],"about":[{"href":"https:\/\/lodg-ing.com\/es\/wp-json\/wp\/v2\/types\/page"}],"author":[{"embeddable":true,"href":"https:\/\/lodg-ing.com\/es\/wp-json\/wp\/v2\/users\/7"}],"replies":[{"embeddable":true,"href":"https:\/\/lodg-ing.com\/es\/wp-json\/wp\/v2\/comments?post=6368"}],"version-history":[{"count":1,"href":"https:\/\/lodg-ing.com\/es\/wp-json\/wp\/v2\/pages\/6368\/revisions"}],"predecessor-version":[{"id":6369,"href":"https:\/\/lodg-ing.com\/es\/wp-json\/wp\/v2\/pages\/6368\/revisions\/6369"}],"wp:attachment":[{"href":"https:\/\/lodg-ing.com\/es\/wp-json\/wp\/v2\/media?parent=6368"}],"curies":[{"name":"wp","href":"https:\/\/api.w.org\/{rel}","templated":true}]}}