{"id":6370,"date":"2019-03-13T15:29:10","date_gmt":"2019-03-13T14:29:10","guid":{"rendered":"https:\/\/lodg-ing.com\/datos-personales\/"},"modified":"2025-02-11T21:49:31","modified_gmt":"2025-02-11T20:49:31","slug":"datos-personales","status":"publish","type":"page","link":"https:\/\/lodg-ing.com\/es\/datos-personales\/","title":{"rendered":"Datos personales"},"content":{"rendered":"\t\t<div data-elementor-type=\"wp-post\" data-elementor-id=\"6370\" class=\"elementor elementor-6370 elementor-42\" data-elementor-post-type=\"page\">\n\t\t\t\t\t\t<section class=\"elementor-section elementor-top-section elementor-element elementor-element-4843fb2 elementor-section-boxed elementor-section-height-default elementor-section-height-default\" data-id=\"4843fb2\" data-element_type=\"section\" data-e-type=\"section\">\n\t\t\t\t\t\t<div class=\"elementor-container elementor-column-gap-default\">\n\t\t\t\t\t<div class=\"elementor-column elementor-col-100 elementor-top-column elementor-element elementor-element-58afd37\" data-id=\"58afd37\" data-element_type=\"column\" data-e-type=\"column\">\n\t\t\t<div class=\"elementor-widget-wrap elementor-element-populated\">\n\t\t\t\t\t\t<div class=\"elementor-element elementor-element-99b3083 elementor-widget elementor-widget-text-editor\" data-id=\"99b3083\" data-element_type=\"widget\" data-e-type=\"widget\" data-widget_type=\"text-editor.default\">\n\t\t\t\t\t\t\t\t\t<p><strong>El editor se compromete a garantizar que la recopilaci\u00f3n y el procesamiento de sus datos, realizados desde el sitio <a title=\"\" href=\"https:\/\/lodg-ing.com\/es\/\">https:\/\/lodg-ing.com<\/a>, cumplan con la normativa general de protecci\u00f3n de datos (GDPR) y la Ley de Protecci\u00f3n de Datos.<\/strong><\/p>\n<h2>Datos personales \/ Datos introducidos por el usuario<\/h2>\n<h3>Contacto<\/h3>\n<p>El formulario de contacto env\u00eda su mensaje por correo electr\u00f3nico al editor. Estos datos personales permiten al editor conocerle mejor, satisfacer sus necesidades y optimizar sus servicios. La informaci\u00f3n recogida en este formulario queda registrada en una base de datos gestionada y protegida por OVH. Se conservan durante 3 a\u00f1os. De conformidad con la ley \u201c<a href=\"https:\/\/www.cnil.fr\/fr\/loi-78-17-du-6-janvier-1978-modifiee\">Inform\u00e1tica y Libertades<\/a>\u201d, puede ejercer su derecho de acceso a los datos que le conciernen y rectificarlos poni\u00e9ndose <a href=\"https:\/\/lodg-ing.com\/contact\/\">en contacto<\/a> con nosotros.    <\/p>\n<h2>Acerca de las cookies<\/h2>\n<p>Utilizamos diferentes cookies en el sitio para mejorar la interactividad del sitio y nuestros servicios.<\/p>\n<h3>\u00bfQu\u00e9 es una \u201ccookie\u201d?<\/h3>\n<p>Una \u201ccookie\u201d es un archivo de tama\u00f1o limitado, que generalmente consta de letras y n\u00fameros, enviado por el servidor de Internet al archivo cookie del navegador ubicado en el disco duro de su computadora.<br><a href=\"https:\/\/www.cnil.fr\/fr\/cookies-les-outils-pour-les-maitriser\">Obtenga m\u00e1s informaci\u00f3n sobre las cookies, c\u00f3mo funcionan y c\u00f3mo oponerse a ellas.<\/a><\/p>\n<h4>Cookies internas necesarias para que el sitio funcione<\/h4>\n<p>Estas cookies permiten que el sitio funcione de manera \u00f3ptima. Puede oponerse y eliminarlos utilizando la configuraci\u00f3n de su navegador; sin embargo, su experiencia de usuario puede verse degradada. <\/p>\n<h4>Cookies de medici\u00f3n de audiencia<\/h4>\n<p>Para adaptar el sitio a las demandas de sus visitantes, medimos el n\u00famero de visitas, el n\u00famero de p\u00e1ginas vistas, as\u00ed como la actividad de los visitantes en el sitio y su frecuencia de regreso. Aqu\u00ed est\u00e1 la lista: <\/p>\n<ul>\n<li>Google Analytics<\/li>\n<\/ul>\n<p>Tambi\u00e9n recopilamos su direcci\u00f3n IP para determinar la ciudad desde la que se conecta. Esto se anonimiza inmediatamente despu\u00e9s de su uso. Por lo tanto, el editor no puede en ning\u00fan caso atribuirlo a una persona f\u00edsica.<br>El editor conserva los datos personales recopilados (identificador de cookies) durante un per\u00edodo de 13 meses. No se transfieren a terceros ni se utilizan para otros fines.<br>Puedes informarte en cualquier momento y configurar tus cookies para aceptarlas o rechazarlas haciendo clic en el bot\u00f3n \u201cGesti\u00f3n de cookies\u201d situado en la parte inferior de cada p\u00e1gina del sitio. Puede indicar su preferencia en general por el sitio o servicio por servicio.    <\/p>\t\t\t\t\t\t\t\t<\/div>\n\t\t\t\t\t<\/div>\n\t\t<\/div>\n\t\t\t\t\t<\/div>\n\t\t<\/section>\n\t\t\t\t<\/div>\n\t\t","protected":false},"excerpt":{"rendered":"<p>El editor se compromete a garantizar que la recopilaci\u00f3n y el procesamiento de sus datos, realizados desde el sitio https:\/\/lodg-ing.com, cumplan con la normativa general de protecci\u00f3n de datos (GDPR) y la Ley de Protecci\u00f3n de Datos. Datos personales \/ Datos introducidos por el usuario Contacto El formulario de contacto env\u00eda su mensaje por correo [&hellip;]<\/p>\n","protected":false},"author":7,"featured_media":0,"parent":0,"menu_order":3,"comment_status":"closed","ping_status":"closed","template":"","meta":{"ocean_post_layout":"","ocean_both_sidebars_style":"","ocean_both_sidebars_content_width":0,"ocean_both_sidebars_sidebars_width":0,"ocean_sidebar":"0","ocean_second_sidebar":"0","ocean_disable_margins":"enable","ocean_add_body_class":"","ocean_shortcode_before_top_bar":"","ocean_shortcode_after_top_bar":"","ocean_shortcode_before_header":"","ocean_shortcode_after_header":"","ocean_has_shortcode":"","ocean_shortcode_after_title":"","ocean_shortcode_before_footer_widgets":"","ocean_shortcode_after_footer_widgets":"","ocean_shortcode_before_footer_bottom":"","ocean_shortcode_after_footer_bottom":"","ocean_display_top_bar":"default","ocean_display_header":"default","ocean_header_style":"","ocean_center_header_left_menu":"0","ocean_custom_header_template":"0","ocean_custom_logo":0,"ocean_custom_retina_logo":0,"ocean_custom_logo_max_width":0,"ocean_custom_logo_tablet_max_width":0,"ocean_custom_logo_mobile_max_width":0,"ocean_custom_logo_max_height":0,"ocean_custom_logo_tablet_max_height":0,"ocean_custom_logo_mobile_max_height":0,"ocean_header_custom_menu":"0","ocean_menu_typo_font_family":"0","ocean_menu_typo_font_subset":"","ocean_menu_typo_font_size":0,"ocean_menu_typo_font_size_tablet":0,"ocean_menu_typo_font_size_mobile":0,"ocean_menu_typo_font_size_unit":"px","ocean_menu_typo_font_weight":"","ocean_menu_typo_font_weight_tablet":"","ocean_menu_typo_font_weight_mobile":"","ocean_menu_typo_transform":"","ocean_menu_typo_transform_tablet":"","ocean_menu_typo_transform_mobile":"","ocean_menu_typo_line_height":0,"ocean_menu_typo_line_height_tablet":0,"ocean_menu_typo_line_height_mobile":0,"ocean_menu_typo_line_height_unit":"","ocean_menu_typo_spacing":0,"ocean_menu_typo_spacing_tablet":0,"ocean_menu_typo_spacing_mobile":0,"ocean_menu_typo_spacing_unit":"","ocean_menu_link_color":"","ocean_menu_link_color_hover":"","ocean_menu_link_color_active":"","ocean_menu_link_background":"","ocean_menu_link_hover_background":"","ocean_menu_link_active_background":"","ocean_menu_social_links_bg":"","ocean_menu_social_hover_links_bg":"","ocean_menu_social_links_color":"","ocean_menu_social_hover_links_color":"","ocean_disable_title":"on","ocean_disable_heading":"default","ocean_post_title":"","ocean_post_subheading":"","ocean_post_title_style":"","ocean_post_title_background_color":"","ocean_post_title_background":0,"ocean_post_title_bg_image_position":"","ocean_post_title_bg_image_attachment":"","ocean_post_title_bg_image_repeat":"","ocean_post_title_bg_image_size":"","ocean_post_title_height":0,"ocean_post_title_bg_overlay":0.5,"ocean_post_title_bg_overlay_color":"","ocean_disable_breadcrumbs":"default","ocean_breadcrumbs_color":"","ocean_breadcrumbs_separator_color":"","ocean_breadcrumbs_links_color":"","ocean_breadcrumbs_links_hover_color":"","ocean_display_footer_widgets":"default","ocean_display_footer_bottom":"default","ocean_custom_footer_template":"0","footnotes":""},"class_list":["post-6370","page","type-page","status-publish","hentry","entry"],"yoast_head":"<!-- This site is optimized with the Yoast SEO plugin v27.4 - https:\/\/yoast.com\/product\/yoast-seo-wordpress\/ -->\n<title>Datos personales - Lodg&#039;ing<\/title>\n<meta name=\"description\" content=\"La empresa se compromete a que la recogida y tratamiento de sus datos cumpla con la normativa general de protecci\u00f3n de datos.\" \/>\n<meta name=\"robots\" content=\"noindex, follow\" \/>\n<meta property=\"og:locale\" content=\"es_ES\" \/>\n<meta property=\"og:type\" content=\"article\" \/>\n<meta property=\"og:title\" content=\"Datos personales - Lodg&#039;ing\" \/>\n<meta property=\"og:description\" content=\"La empresa se compromete a que la recogida y tratamiento de sus datos cumpla con la normativa general de protecci\u00f3n de datos.\" \/>\n<meta property=\"og:url\" content=\"https:\/\/lodg-ing.com\/es\/datos-personales\/\" \/>\n<meta property=\"og:site_name\" content=\"Lodg&#039;ing\" \/>\n<meta property=\"article:modified_time\" content=\"2025-02-11T20:49:31+00:00\" \/>\n<meta name=\"twitter:card\" content=\"summary_large_image\" \/>\n<meta name=\"twitter:label1\" content=\"Tiempo de lectura\" \/>\n\t<meta name=\"twitter:data1\" content=\"2 minutos\" \/>\n<script type=\"application\/ld+json\" class=\"yoast-schema-graph\">{\"@context\":\"https:\\\/\\\/schema.org\",\"@graph\":[{\"@type\":\"WebPage\",\"@id\":\"https:\\\/\\\/lodg-ing.com\\\/es\\\/datos-personales\\\/\",\"url\":\"https:\\\/\\\/lodg-ing.com\\\/es\\\/datos-personales\\\/\",\"name\":\"Datos personales - Lodg&#039;ing\",\"isPartOf\":{\"@id\":\"https:\\\/\\\/lodg-ing.com\\\/es\\\/#website\"},\"datePublished\":\"2019-03-13T14:29:10+00:00\",\"dateModified\":\"2025-02-11T20:49:31+00:00\",\"description\":\"La empresa se compromete a que la recogida y tratamiento de sus datos cumpla con la normativa general de protecci\u00f3n de datos.\",\"breadcrumb\":{\"@id\":\"https:\\\/\\\/lodg-ing.com\\\/es\\\/datos-personales\\\/#breadcrumb\"},\"inLanguage\":\"es\",\"potentialAction\":[{\"@type\":\"ReadAction\",\"target\":[\"https:\\\/\\\/lodg-ing.com\\\/es\\\/datos-personales\\\/\"]}]},{\"@type\":\"BreadcrumbList\",\"@id\":\"https:\\\/\\\/lodg-ing.com\\\/es\\\/datos-personales\\\/#breadcrumb\",\"itemListElement\":[{\"@type\":\"ListItem\",\"position\":1,\"name\":\"Accueil\",\"item\":\"https:\\\/\\\/lodg-ing.com\\\/es\\\/\"},{\"@type\":\"ListItem\",\"position\":2,\"name\":\"Datos personales\"}]},{\"@type\":\"WebSite\",\"@id\":\"https:\\\/\\\/lodg-ing.com\\\/es\\\/#website\",\"url\":\"https:\\\/\\\/lodg-ing.com\\\/es\\\/\",\"name\":\"Lodg'ing\",\"description\":\"\",\"publisher\":{\"@id\":\"https:\\\/\\\/lodg-ing.com\\\/es\\\/#organization\"},\"potentialAction\":[{\"@type\":\"SearchAction\",\"target\":{\"@type\":\"EntryPoint\",\"urlTemplate\":\"https:\\\/\\\/lodg-ing.com\\\/es\\\/?s={search_term_string}\"},\"query-input\":{\"@type\":\"PropertyValueSpecification\",\"valueRequired\":true,\"valueName\":\"search_term_string\"}}],\"inLanguage\":\"es\"},{\"@type\":\"Organization\",\"@id\":\"https:\\\/\\\/lodg-ing.com\\\/es\\\/#organization\",\"name\":\"Lodg'ing\",\"url\":\"https:\\\/\\\/lodg-ing.com\\\/es\\\/\",\"logo\":{\"@type\":\"ImageObject\",\"inLanguage\":\"es\",\"@id\":\"https:\\\/\\\/lodg-ing.com\\\/es\\\/#\\\/schema\\\/logo\\\/image\\\/\",\"url\":\"https:\\\/\\\/lodg-ing.com\\\/wp-content\\\/uploads\\\/2020\\\/12\\\/logo-petit-site-web-1.png\",\"contentUrl\":\"https:\\\/\\\/lodg-ing.com\\\/wp-content\\\/uploads\\\/2020\\\/12\\\/logo-petit-site-web-1.png\",\"width\":250,\"height\":100,\"caption\":\"Lodg'ing\"},\"image\":{\"@id\":\"https:\\\/\\\/lodg-ing.com\\\/es\\\/#\\\/schema\\\/logo\\\/image\\\/\"}}]}<\/script>\n<!-- \/ Yoast SEO plugin. -->","yoast_head_json":{"title":"Datos personales - Lodg&#039;ing","description":"La empresa se compromete a que la recogida y tratamiento de sus datos cumpla con la normativa general de protecci\u00f3n de datos.","robots":{"index":"noindex","follow":"follow"},"og_locale":"es_ES","og_type":"article","og_title":"Datos personales - Lodg&#039;ing","og_description":"La empresa se compromete a que la recogida y tratamiento de sus datos cumpla con la normativa general de protecci\u00f3n de datos.","og_url":"https:\/\/lodg-ing.com\/es\/datos-personales\/","og_site_name":"Lodg&#039;ing","article_modified_time":"2025-02-11T20:49:31+00:00","twitter_card":"summary_large_image","twitter_misc":{"Tiempo de lectura":"2 minutos"},"schema":{"@context":"https:\/\/schema.org","@graph":[{"@type":"WebPage","@id":"https:\/\/lodg-ing.com\/es\/datos-personales\/","url":"https:\/\/lodg-ing.com\/es\/datos-personales\/","name":"Datos personales - Lodg&#039;ing","isPartOf":{"@id":"https:\/\/lodg-ing.com\/es\/#website"},"datePublished":"2019-03-13T14:29:10+00:00","dateModified":"2025-02-11T20:49:31+00:00","description":"La empresa se compromete a que la recogida y tratamiento de sus datos cumpla con la normativa general de protecci\u00f3n de datos.","breadcrumb":{"@id":"https:\/\/lodg-ing.com\/es\/datos-personales\/#breadcrumb"},"inLanguage":"es","potentialAction":[{"@type":"ReadAction","target":["https:\/\/lodg-ing.com\/es\/datos-personales\/"]}]},{"@type":"BreadcrumbList","@id":"https:\/\/lodg-ing.com\/es\/datos-personales\/#breadcrumb","itemListElement":[{"@type":"ListItem","position":1,"name":"Accueil","item":"https:\/\/lodg-ing.com\/es\/"},{"@type":"ListItem","position":2,"name":"Datos personales"}]},{"@type":"WebSite","@id":"https:\/\/lodg-ing.com\/es\/#website","url":"https:\/\/lodg-ing.com\/es\/","name":"Lodg'ing","description":"","publisher":{"@id":"https:\/\/lodg-ing.com\/es\/#organization"},"potentialAction":[{"@type":"SearchAction","target":{"@type":"EntryPoint","urlTemplate":"https:\/\/lodg-ing.com\/es\/?s={search_term_string}"},"query-input":{"@type":"PropertyValueSpecification","valueRequired":true,"valueName":"search_term_string"}}],"inLanguage":"es"},{"@type":"Organization","@id":"https:\/\/lodg-ing.com\/es\/#organization","name":"Lodg'ing","url":"https:\/\/lodg-ing.com\/es\/","logo":{"@type":"ImageObject","inLanguage":"es","@id":"https:\/\/lodg-ing.com\/es\/#\/schema\/logo\/image\/","url":"https:\/\/lodg-ing.com\/wp-content\/uploads\/2020\/12\/logo-petit-site-web-1.png","contentUrl":"https:\/\/lodg-ing.com\/wp-content\/uploads\/2020\/12\/logo-petit-site-web-1.png","width":250,"height":100,"caption":"Lodg'ing"},"image":{"@id":"https:\/\/lodg-ing.com\/es\/#\/schema\/logo\/image\/"}}]}},"_links":{"self":[{"href":"https:\/\/lodg-ing.com\/es\/wp-json\/wp\/v2\/pages\/6370","targetHints":{"allow":["GET"]}}],"collection":[{"href":"https:\/\/lodg-ing.com\/es\/wp-json\/wp\/v2\/pages"}],"about":[{"href":"https:\/\/lodg-ing.com\/es\/wp-json\/wp\/v2\/types\/page"}],"author":[{"embeddable":true,"href":"https:\/\/lodg-ing.com\/es\/wp-json\/wp\/v2\/users\/7"}],"replies":[{"embeddable":true,"href":"https:\/\/lodg-ing.com\/es\/wp-json\/wp\/v2\/comments?post=6370"}],"version-history":[{"count":1,"href":"https:\/\/lodg-ing.com\/es\/wp-json\/wp\/v2\/pages\/6370\/revisions"}],"predecessor-version":[{"id":6371,"href":"https:\/\/lodg-ing.com\/es\/wp-json\/wp\/v2\/pages\/6370\/revisions\/6371"}],"wp:attachment":[{"href":"https:\/\/lodg-ing.com\/es\/wp-json\/wp\/v2\/media?parent=6370"}],"curies":[{"name":"wp","href":"https:\/\/api.w.org\/{rel}","templated":true}]}}